{"id":9730,"date":"2016-05-05T10:55:31","date_gmt":"2016-05-05T08:55:31","guid":{"rendered":"http:\/\/firefly.evatheme.com\/demo3\/?page_id=9730"},"modified":"2020-09-10T14:32:58","modified_gmt":"2020-09-10T12:32:58","slug":"contact-us","status":"publish","type":"page","link":"https:\/\/renovpinto.com\/index.php\/contact-us\/","title":{"rendered":"Contact"},"content":{"rendered":"<div class=\"wpb-content-wrapper\"><p>[vc_row css=\u00a0\u00bb.vc_custom_1462744735869{margin-bottom: 0px !important;}\u00a0\u00bb][vc_column][\/vc_column][\/vc_row][vc_row bg_type=\u00a0\u00bbbg_color\u00a0\u00bb bg_color_value=\u00a0\u00bb#ffffff\u00a0\u00bb css=\u00a0\u00bb.vc_custom_1462745444409{margin-top: 0px !important;margin-bottom: 0px !important;padding-bottom: 60px !important;}\u00a0\u00bb][vc_column width=\u00a0\u00bb2\/3&Prime; css=\u00a0\u00bb.vc_custom_1462450573631{padding-right: 40px !important;}\u00a0\u00bb][vc_single_image image=\u00a0\u00bb10389&Prime; img_size=\u00a0\u00bbfull\u00a0\u00bb][\/vc_column][vc_column width=\u00a0\u00bb1\/3&Prime;][vc_column_text]<\/p>\n<h4>RenovPinto le partenaire ideal pour tous vos travaux de r\u00e9novation !<\/h4>\n<p>[\/vc_column_text][vc_column_text]Si vous d\u00e9sirez avoir des informations ou si vous avez d\u2019\u00e9ventuelles questions concernant un futur projet, n\u2019h\u00e9sitez\u00a0 pas \u00e0 nous en faire part en prenant contact avec nous via email ou via t\u00e9l\u00e9phone.<\/p>\n<p>Nous vous proposons \u00e9galement un devis gratuit qui vous permettras d\u2019avoir une id\u00e9e pr\u00e9cise des co\u00fbts de vos futurs travaux que vous allez entreprendre.[\/vc_column_text][\/vc_column][\/vc_row][vc_row bg_type=\u00a0\u00bbbg_color\u00a0\u00bb bg_override=\u00a0\u00bbfull\u00a0\u00bb css=\u00a0\u00bb.vc_custom_1462745222332{margin-top: 0px !important;margin-bottom: -80px !important;padding-top: 80px !important;padding-bottom: 80px !important;}\u00a0\u00bb bg_color_value=\u00a0\u00bb#f3f4f7&Prime;][vc_column][vc_column_text]\n            <div \n                class=\"elfsight-widget-contact-form elfsight-widget\" \n                data-elfsight-contact-form-options=\"%7B%22ei%22%3A%22%22%2C%22fields%22%3A%5B%7B%22type%22%3A%22text%22%2C%22placeholder%22%3A%22Jean%20Dubois%22%2C%22description%22%3A%22%22%2C%22label%22%3A%22Nom%20et%20Pr%5Cu00e9nom%22%2C%22required%22%3Afalse%2C%22columnWidth%22%3A50%2C%22id%22%3A%22%5Bnom-et-pr%5Cu00e9nom%5D%22%7D%2C%7B%22type%22%3A%22email%22%2C%22label%22%3A%22Adresse%20Email%22%2C%22description%22%3A%22%22%2C%22placeholder%22%3A%22jean%40domain.com%22%2C%22required%22%3Atrue%2C%22columnWidth%22%3A50%2C%22id%22%3A%22%5Badresse-email%5D%22%7D%2C%7B%22type%22%3A%22phone%22%2C%22label%22%3A%22T%5Cu00e9l%5Cu00e9phone%22%2C%22placeholder%22%3A%22%2B32%22%2C%22description%22%3A%22%22%2C%22required%22%3Atrue%2C%22columnWidth%22%3A50%2C%22id%22%3A%22%5Bt%5Cu00e9l%5Cu00e9phone%5D%22%7D%2C%7B%22type%22%3A%22text%22%2C%22label%22%3A%22Nom%20de%20l%27entreprise%22%2C%22name%22%3A%22%22%2C%22placeholder%22%3A%22%22%2C%22options%22%3A%22Option%201%5CnOption%202%22%2C%22scaleNumbersMin%22%3A1%2C%22scaleNumbersMax%22%3A10%2C%22leftCaption%22%3A%22Not%20likely%22%2C%22rightCaption%22%3A%22Very%20likely%22%2C%22fileLinkCaption%22%3A%22Choose%20file%22%2C%22fileDragCaption%22%3A%22or%20drag%20%26%20drop%20here%22%2C%22text%22%3A%22Text%22%2C%22title%22%3A%22Heading%22%2C%22caption%22%3A%22%22%2C%22value%22%3A%22%22%2C%22labelText%22%3A%22Label%22%2C%22dateTime%22%3A%22date%22%2C%22dateFormat%22%3A%22d.m.Y%22%2C%22timeFormat%22%3A%22H%3Ai%22%2C%22starsCount%22%3A5%2C%22required%22%3Afalse%2C%22description%22%3A%22%22%2C%22columnWidth%22%3A50%2C%22elementColumnWidth%22%3A100%2C%22fileAllowedAll%22%3Atrue%2C%22fileAllowed%22%3A%5B%22.jpg%22%2C%22.jpeg%22%2C%22.png%22%2C%22.gif%22%2C%22.txt%22%2C%22.pdf%22%2C%22.doc%22%2C%22.docx%22%2C%22.pages%22%2C%22.numbers%22%2C%22.xls%22%2C%22.xlsx%22%2C%22.odt%22%2C%22.ppt%22%2C%22.pptx%22%2C%22.pps%22%2C%22.ppsx%22%2C%22.html%22%5D%2C%22fileMax%22%3A25%2C%22fields%22%3A%22%22%2C%22id%22%3A%22%5Bnom-de-l%27entreprise%5D%22%7D%2C%7B%22type%22%3A%22textarea%22%2C%22label%22%3A%22Votre%20demande%22%2C%22description%22%3A%22%22%2C%22placeholder%22%3A%22D%5Cu00e9crivez%20nous%20votre%20projet%20ou%20demande%22%2C%22required%22%3Atrue%2C%22columnWidth%22%3A100%2C%22id%22%3A%22%5Bvotre-demande%5D%22%7D%2C%7B%22type%22%3A%22file%22%2C%22label%22%3A%22Document%20%5C%2F%20Cahier%20des%20charges%22%2C%22description%22%3A%22%22%2C%22fileLinkCaption%22%3A%22S%5Cu00e9lectionner%20le%20fichier%22%2C%22fileDragCaption%22%3A%22ou%20drag%20%26%20drop%20ici%22%2C%22fileAllowedAll%22%3Atrue%2C%22fileMax%22%3A25%2C%22required%22%3Afalse%2C%22fileAllowed%22%3A%5B%22.jpg%22%2C%22.jpeg%22%2C%22.png%22%2C%22.gif%22%2C%22.txt%22%2C%22.pdf%22%2C%22.doc%22%2C%22.docx%22%2C%22.pages%22%2C%22.numbers%22%2C%22.xls%22%2C%22.xlsx%22%2C%22.odt%22%2C%22.ppt%22%2C%22.pptx%22%2C%22.pps%22%2C%22.ppsx%22%2C%22.html%22%5D%7D%5D%2C%22headerActive%22%3Atrue%2C%22headerTitle%22%3A%22Demandez%20votre%20Devis%20%21%22%2C%22headerText%22%3A%22Nous%20vous%20recontacterons%20dans%20les%20meilleurs%20d%5Cu00e9lais.%22%2C%22headerPictureUrl%22%3A%22message%22%2C%22footerText%22%3A%22%22%2C%22actionAfterSubmit%22%3A%22message%22%2C%22successMessage%22%3A%22Merci%20nous%20vous%20r%5Cu00e9pondons%20dans%20les%20prochaine%2024h%21%22%2C%22successContinueText%22%3A%22OK%22%2C%22redirectUrl%22%3A%22https%3A%5C%2F%5C%2Fexample.com%22%2C%22submitText%22%3A%22Envoyer%22%2C%22stepsMessagesDivider%22%3Anull%2C%22stepsMessagesTitle%22%3Anull%2C%22stepsText%22%3A%22step%20%251%20of%20%252%22%2C%22stepBackText%22%3A%22Back%22%2C%22stepNextText%22%3A%22Next%22%2C%22errorMessageAllRequired%22%3A%22Please%2C%20fill%20all%20the%20required%20fields%22%2C%22errorMessageAllIncorrect%22%3A%22Please%2C%20fill%20all%20the%20fields%20correctly%22%2C%22errorMessageSetMailTo%22%3A%22Please%2C%20set%20the%20email%20to%20send%20messages%20to%22%2C%22errorMessageRequiredCaptcha%22%3A%22Please%2C%20enter%20the%20captcha%22%2C%22errorMessageFileSizeLimit%22%3A%22File%20size%20limit%20exceeded%22%2C%22errorMessageFileNotAllowed%22%3A%22File%20extension%20not%20allowed%22%2C%22errorMessageUnknown%22%3A%22Unknown%20error%22%2C%22errorMessageRequired%22%3A%22Required%20field%22%2C%22errorMessageInvalid%22%3A%22Invalid%22%2C%22errorMessageInvalidEmail%22%3A%22Invalid%20email%22%2C%22errorMessageInvalidPhone%22%3A%22Invalid%20phone%20number%22%2C%22errorMessageInvalidUrl%22%3A%22Invalid%20URL%22%2C%22calendarWeekdaysShorthand%22%3A%22Sun%5CnMon%5CnTue%5CnWed%5CnThu%5CnFri%5CnSat%22%2C%22calendarMonthsLonghand%22%3A%22January%5CnFebruary%5CnMarch%5CnApril%5CnMay%5CnJune%5CnJuly%5CnAugust%5CnSeptember%5CnOctober%5CnNovember%5CnDecember%22%2C%22showProgress%22%3Atrue%2C%22recaptchaType%22%3A%22invisible%22%2C%22integrationsGoogleToken%22%3A%22%22%2C%22integrationsGoogleSheetId%22%3A%22%22%2C%22layout%22%3A%22default%22%2C%22floatingIcon%22%3A%22message%22%2C%22floatingText%22%3A%22%22%2C%22floatingPosition%22%3A%22right%22%2C%22width%22%3A%22580%22%2C%22style%22%3A%22classic%22%2C%22mainColor%22%3A%22rgb%28170%2C%2035%2C%2035%29%22%2C%22apiUrl%22%3A%22https%3A%5C%2F%5C%2Frenovpinto.com%5C%2Findex.php%5C%2Fwp-json%5C%2Felfsight-contact-form%5C%2Fapi%22%2C%22recaptchaKeyCheckbox%22%3A%226LfXGHgUAAAAAHNIE_EH7kEI1l4xvf_ynIlg5bfo%22%2C%22recaptchaKeyInvisible%22%3A%226Ld1CXgUAAAAAFTHmixC1Eo-NP7_3ddB1YOj9AfX%22%2C%22widgetId%22%3A%221%22%7D\" \n                data-elfsight-contact-form-version=\"2.3.0\"\n                data-elfsight-widget-id=\"elfsight-contact-form-1\">\n            <\/div>\n            [\/vc_column_text][\/vc_column][\/vc_row][vc_row css=\u00a0\u00bb.vc_custom_1462745450895{margin-top: 0px !important;margin-bottom: 0px !important;padding-bottom: 60px !important;}\u00a0\u00bb][vc_column width=\u00a0\u00bb1\/2&Prime; css=\u00a0\u00bb.vc_custom_1462745176103{padding-right: 40px !important;}\u00a0\u00bb][vc_single_image image=\u00a0\u00bb10611&Prime; img_size=\u00a0\u00bbfull\u00a0\u00bb alignment=\u00a0\u00bbcenter\u00a0\u00bb]<div id=\"ultimate-heading-850769f4251118eb5\" class=\"uvc-heading ult-adjust-bottom-margin ultimate-heading-850769f4251118eb5 uvc-1656 \" data-hspacer=\"no_spacer\"  data-halign=\"center\" style=\"text-align:center\"><div class=\"uvc-heading-spacer no_spacer\" style=\"top\"><\/div><div class=\"uvc-main-heading ult-responsive\"  data-ultimate-target='.uvc-heading.ultimate-heading-850769f4251118eb5 h2'  data-responsive-json-new='{\"font-size\":\"desktop:12px;\",\"line-height\":\"desktop:18px;\"}' ><h2 style=\"font-weight:normal;color:#ffcc00;margin-bottom:0px;\">G\u00e9rant RenovPinto sprl<\/h2><\/div><div class=\"uvc-sub-heading ult-responsive\"  data-ultimate-target='.uvc-heading.ultimate-heading-850769f4251118eb5 .uvc-sub-heading '  data-responsive-json-new='{\"font-size\":\"desktop:20px;\",\"line-height\":\"desktop:40px;\"}'  style=\"font-weight:bold;color:#333333;margin-bottom:0px;\">Daniel Pinto<\/div><\/div>[vc_column_text]<\/p>\n<p style=\"text-align: center;\">Daniel@renovpinto.com<br \/>\n+32\u00a0\u00a0471-25-39-48<\/p>\n<p>[\/vc_column_text][\/vc_column][vc_column width=\u00a0\u00bb1\/2&Prime;][vc_single_image image=\u00a0\u00bb10612&Prime; img_size=\u00a0\u00bbfull\u00a0\u00bb alignment=\u00a0\u00bbcenter\u00a0\u00bb]<div id=\"ultimate-heading-43869f4251118ee0\" class=\"uvc-heading ult-adjust-bottom-margin ultimate-heading-43869f4251118ee0 uvc-3188 \" data-hspacer=\"no_spacer\"  data-halign=\"center\" style=\"text-align:center\"><div class=\"uvc-heading-spacer no_spacer\" style=\"top\"><\/div><div class=\"uvc-main-heading ult-responsive\"  data-ultimate-target='.uvc-heading.ultimate-heading-43869f4251118ee0 h2'  data-responsive-json-new='{\"font-size\":\"desktop:12px;\",\"line-height\":\"desktop:18px;\"}' ><h2 style=\"font-weight:normal;color:#ffcc00;margin-bottom:0px;\">G\u00e9rant RenovPinto sprl<\/h2><\/div><div class=\"uvc-sub-heading ult-responsive\"  data-ultimate-target='.uvc-heading.ultimate-heading-43869f4251118ee0 .uvc-sub-heading '  data-responsive-json-new='{\"font-size\":\"desktop:20px;\",\"line-height\":\"desktop:40px;\"}'  style=\"font-weight:bold;color:#333333;margin-bottom:0px;\">Jos\u00e9 Pinto<\/div><\/div>[vc_column_text]<\/p>\n<p style=\"text-align: center;\">Daniel@renovpinto.com<br \/>\n+32\u00a0\u00a0471-25-39-48<\/p>\n<p>[\/vc_column_text][\/vc_column][\/vc_row]<\/p>\n<\/div>","protected":false},"excerpt":{"rendered":"<p>[vc_row css=\u00a0\u00bb.vc_custom_1462744735869{margin-bottom: 0px !important;}\u00a0\u00bb][vc_column][\/vc_column][\/vc_row][vc_row bg_type=\u00a0\u00bbbg_color\u00a0\u00bb bg_color_value=\u00a0\u00bb#ffffff\u00a0\u00bb css=\u00a0\u00bb.vc_custom_1462745444409{margin-top: 0px !important;margin-bottom: 0px !important;padding-bottom: 60px !important;}\u00a0\u00bb][vc_column width=\u00a0\u00bb2\/3&Prime; css=\u00a0\u00bb.vc_custom_1462450573631{padding-right: 40px !important;}\u00a0\u00bb][vc_single_image image=\u00a0\u00bb10389&Prime; img_size=\u00a0\u00bbfull\u00a0\u00bb][\/vc_column][vc_column width=\u00a0\u00bb1\/3&Prime;][vc_column_text] RenovPinto le partenaire ideal pour tous vos travaux de r\u00e9novation ! [\/vc_column_text][vc_column_text]Si vous d\u00e9sirez avoir des informations ou si vous avez d\u2019\u00e9ventuelles questions concernant un futur projet, n\u2019h\u00e9sitez\u00a0 pas \u00e0 nous en faire part en [&hellip;]<\/p>\n","protected":false},"author":1,"featured_media":0,"parent":0,"menu_order":0,"comment_status":"closed","ping_status":"closed","template":"","meta":{"footnotes":""},"class_list":["post-9730","page","type-page","status-publish","hentry"],"_links":{"self":[{"href":"https:\/\/renovpinto.com\/index.php\/wp-json\/wp\/v2\/pages\/9730","targetHints":{"allow":["GET"]}}],"collection":[{"href":"https:\/\/renovpinto.com\/index.php\/wp-json\/wp\/v2\/pages"}],"about":[{"href":"https:\/\/renovpinto.com\/index.php\/wp-json\/wp\/v2\/types\/page"}],"author":[{"embeddable":true,"href":"https:\/\/renovpinto.com\/index.php\/wp-json\/wp\/v2\/users\/1"}],"replies":[{"embeddable":true,"href":"https:\/\/renovpinto.com\/index.php\/wp-json\/wp\/v2\/comments?post=9730"}],"version-history":[{"count":2,"href":"https:\/\/renovpinto.com\/index.php\/wp-json\/wp\/v2\/pages\/9730\/revisions"}],"predecessor-version":[{"id":10639,"href":"https:\/\/renovpinto.com\/index.php\/wp-json\/wp\/v2\/pages\/9730\/revisions\/10639"}],"wp:attachment":[{"href":"https:\/\/renovpinto.com\/index.php\/wp-json\/wp\/v2\/media?parent=9730"}],"curies":[{"name":"wp","href":"https:\/\/api.w.org\/{rel}","templated":true}]}}