{"id":9726,"date":"2016-05-05T10:55:03","date_gmt":"2016-05-05T10:55:03","guid":{"rendered":"http:\/\/firefly.evatheme.com\/demo3\/?page_id=9726"},"modified":"2020-09-10T14:36:06","modified_gmt":"2020-09-10T12:36:06","slug":"services","status":"publish","type":"page","link":"https:\/\/renovpinto.com\/index.php\/services\/","title":{"rendered":"Services"},"content":{"rendered":"<div class=\"wpb-content-wrapper\"><p>[vc_row bg_type=\u00a0\u00bbbg_color\u00a0\u00bb bg_color_value=\u00a0\u00bb#ffffff\u00a0\u00bb css=\u00a0\u00bb.vc_custom_1462727861632{margin-top: 0px !important;margin-bottom: 0px !important;}\u00a0\u00bb][vc_column width=\u00a0\u00bb1\/2&Prime; css=\u00a0\u00bb.vc_custom_1462727878358{padding-right: 40px !important;}\u00a0\u00bb][vc_single_image image=\u00a0\u00bb10464&Prime; img_size=\u00a0\u00bbfull\u00a0\u00bb alignment=\u00a0\u00bbcenter\u00a0\u00bb][\/vc_column][vc_column width=\u00a0\u00bb1\/2&Prime;]<div id=\"ultimate-heading-899669f378b470930\" class=\"uvc-heading ult-adjust-bottom-margin ultimate-heading-899669f378b470930 uvc-726 \" data-hspacer=\"line_only\"  data-halign=\"left\" style=\"text-align:left\"><div class=\"uvc-sub-heading ult-responsive\"  data-ultimate-target='.uvc-heading.ultimate-heading-899669f378b470930 .uvc-sub-heading '  data-responsive-json-new='{\"font-size\":\"desktop:24px;\",\"line-height\":\"desktop:40px;\"}'  style=\"font-weight:bold;color:#333333;\">INFO RENOVPINTO sprl<\/div><div class=\"uvc-heading-spacer line_only\" style=\"margin-top:20px;margin-bottom:20px;height:3px;\"><span class=\"uvc-headings-line\" style=\"border-style:solid;border-bottom-width:3px;border-color:#9d1b39;width:50px;\"><\/span><\/div><\/div>[vc_column_text]<\/p>\n<h4 class=\"font_4\">Entreprise Familiale de construction du batiment bas\u00e9e sur Bruxelles en Belgique , Fond\u00e9 en 2016 par les 2 fr\u00e8res Daniel &amp; Jose Pinto ,<\/h4>\n<h4 class=\"font_4\"><\/h4>\n<p>[\/vc_column_text][vc_column_text]Notre Soci\u00e9t\u00e9 est sp\u00e9cialis\u00e9e dans les domaines de la construction , du gros-\u0153uvre, de la r\u00e9novation, de la transformation et de l\u2019am\u00e9nagement interieur &amp; ext\u00e9rieur\u00a0de vos biens , r\u00e9sultat impeccable et r\u00e9alis\u00e9 dans les d\u00e9lais ! Nous nous faisons un devoir d\u2019\u00eatre \u00e0 l\u2019\u00e9coute de vos besoins afin de respecter vos exigences afin d\u2019atteindre votre enti\u00e8re satisfaction ![\/vc_column_text][\/vc_column][\/vc_row][vc_row css=\u00a0\u00bb.vc_custom_1462728117335{margin-top: 0px !important;margin-bottom: 0px !important;padding-top: 40px !important;padding-bottom: 0px !important;}\u00a0\u00bb][vc_column][vc_row_inner][vc_column_inner][vc_separator][\/vc_column_inner][\/vc_row_inner][vc_row_inner][vc_column_inner width=\u00a0\u00bb1\/2&Prime;]<div class=\"aio-icon-component    style_1\"><div id=\"Info-box-wrap-2223\" class=\"aio-icon-box left-icon\" style=\"\"  ><div class=\"aio-icon-left\"><div class=\"ult-just-icon-wrapper  \"><div class=\"align-icon\" style=\"text-align:center;\">\n<div class=\"aio-icon none \"  style=\"color:rgba(51,51,51,0.3);font-size:48px;display:inline-block;\">\n\t<i class=\"Defaults-check\"><\/i>\n<\/div><\/div><\/div><\/div><div class=\"aio-ibd-block\"><div class=\"aio-icon-header\" ><h3 class=\"aio-icon-title ult-responsive\"  data-ultimate-target='#Info-box-wrap-2223 .aio-icon-title'  data-responsive-json-new='{\"font-size\":\"desktop:16px;\",\"line-height\":\"desktop:26px;\"}'  style=\"color:#333333;\">R\u00e9novation<\/h3><\/div> <!-- header --><div class=\"aio-icon-description ult-responsive\"  data-ultimate-target='#Info-box-wrap-2223 .aio-icon-description'  data-responsive-json-new='{\"font-size\":\"desktop:12px;\",\"line-height\":\"desktop:20px;\"}'  style=\"color:rgba(51,51,51,0.6);\">Ma\u00e7onnerie, Carrelage, D\u00e9molition, Pl\u00e2trerie\/Plaquiste, Parquet, Pl\u00e2trerie, Plaquiste, Peinture, Plomberie, \u00c9lectricit\u00e9, Dallage, Marbrerie, Rev\u00eatement, Faux plafonds,Cloisons, Menuiserie Bois, PVC&#8230;<\/div> <!-- description --><\/div> <!-- aio-ibd-block --><\/div> <!-- aio-icon-box --><\/div> <!-- aio-icon-component --><div class=\"aio-icon-component    style_1\"><div id=\"Info-box-wrap-3259\" class=\"aio-icon-box left-icon\" style=\"\"  ><div class=\"aio-icon-left\"><div class=\"ult-just-icon-wrapper  \"><div class=\"align-icon\" style=\"text-align:center;\">\n<div class=\"aio-icon none \"  style=\"color:rgba(51,51,51,0.3);font-size:48px;display:inline-block;\">\n\t<i class=\"Defaults-check\"><\/i>\n<\/div><\/div><\/div><\/div><div class=\"aio-ibd-block\"><div class=\"aio-icon-header\" ><h3 class=\"aio-icon-title ult-responsive\"  data-ultimate-target='#Info-box-wrap-3259 .aio-icon-title'  data-responsive-json-new='{\"font-size\":\"desktop:16px;\",\"line-height\":\"desktop:26px;\"}'  style=\"color:#333333;\">Installation &amp; Pose<\/h3><\/div> <!-- header --><div class=\"aio-icon-description ult-responsive\"  data-ultimate-target='#Info-box-wrap-3259 .aio-icon-description'  data-responsive-json-new='{\"font-size\":\"desktop:12px;\",\"line-height\":\"desktop:20px;\"}'  style=\"color:rgba(51,51,51,0.6);\">Cuisine , meuble sur mesure, salle de bain design, fen\u00eatre, \u00e9clairage, alarme &amp; vid\u00e9osurveillance, automatismes, digicode &amp; Interphone&#8230;<\/div> <!-- description --><\/div> <!-- aio-ibd-block --><\/div> <!-- aio-icon-box --><\/div> <!-- aio-icon-component -->[\/vc_column_inner][vc_column_inner width=\u00a0\u00bb1\/2&Prime;]<div class=\"aio-icon-component    style_1\"><div id=\"Info-box-wrap-6638\" class=\"aio-icon-box left-icon\" style=\"\"  ><div class=\"aio-icon-left\"><div class=\"ult-just-icon-wrapper  \"><div class=\"align-icon\" style=\"text-align:center;\">\n<div class=\"aio-icon none \"  style=\"color:rgba(51,51,51,0.3);font-size:48px;display:inline-block;\">\n\t<i class=\"Defaults-check\"><\/i>\n<\/div><\/div><\/div><\/div><div class=\"aio-ibd-block\"><div class=\"aio-icon-header\" ><h3 class=\"aio-icon-title ult-responsive\"  data-ultimate-target='#Info-box-wrap-6638 .aio-icon-title'  data-responsive-json-new='{\"font-size\":\"desktop:16px;\",\"line-height\":\"desktop:26px;\"}'  style=\"color:#333333;\">Construction\/Renovation<\/h3><\/div> <!-- header --><div class=\"aio-icon-description ult-responsive\"  data-ultimate-target='#Info-box-wrap-6638 .aio-icon-description'  data-responsive-json-new='{\"font-size\":\"desktop:12px;\",\"line-height\":\"desktop:20px;\"}'  style=\"color:rgba(51,51,51,0.6);\">Am\u00e9nagement, Cloison, Construction maison individuelle, Extension(agrandissement maison), Sur\u00e9l\u00e9vation , Garage &#8230;<br \/>\n<\/div> <!-- description --><\/div> <!-- aio-ibd-block --><\/div> <!-- aio-icon-box --><\/div> <!-- aio-icon-component --><div class=\"aio-icon-component    style_1\"><div id=\"Info-box-wrap-4888\" class=\"aio-icon-box left-icon\" style=\"\"  ><div class=\"aio-icon-left\"><div class=\"ult-just-icon-wrapper  \"><div class=\"align-icon\" style=\"text-align:center;\">\n<div class=\"aio-icon none \"  style=\"color:rgba(51,51,51,0.3);font-size:48px;display:inline-block;\">\n\t<i class=\"Defaults-check\"><\/i>\n<\/div><\/div><\/div><\/div><div class=\"aio-ibd-block\"><div class=\"aio-icon-header\" ><h3 class=\"aio-icon-title ult-responsive\"  data-ultimate-target='#Info-box-wrap-4888 .aio-icon-title'  data-responsive-json-new='{\"font-size\":\"desktop:16px;\",\"line-height\":\"desktop:26px;\"}'  style=\"color:#333333;\">Cl\u00f4ture, Portail &amp; jardin<\/h3><\/div> <!-- header --><div class=\"aio-icon-description ult-responsive\"  data-ultimate-target='#Info-box-wrap-4888 .aio-icon-description'  data-responsive-json-new='{\"font-size\":\"desktop:12px;\",\"line-height\":\"desktop:20px;\"}'  style=\"color:rgba(51,51,51,0.6);\">Grillage, Cl\u00f4ture, Portail\u00a0\u00e9lectrique , Portail Aluminium\u00a0soud\u00e9, Porte, Porte blind\u00e9, Porte garage , Travaux de jardins en tous genres &#8230;<\/div> <!-- description --><\/div> <!-- aio-ibd-block --><\/div> <!-- aio-icon-box --><\/div> <!-- aio-icon-component -->[\/vc_column_inner][\/vc_row_inner][vc_row_inner][vc_column_inner][vc_separator][\/vc_column_inner][\/vc_row_inner][\/vc_column][\/vc_row][vc_row bg_type=\u00a0\u00bbbg_color\u00a0\u00bb bg_color_value=\u00a0\u00bb#ffffff\u00a0\u00bb css=\u00a0\u00bb.vc_custom_1462727861632{margin-top: 0px !important;margin-bottom: 0px !important;}\u00a0\u00bb][vc_column width=\u00a0\u00bb1\/2&Prime;]<div id=\"ultimate-heading-53369f378b470b18\" class=\"uvc-heading ult-adjust-bottom-margin ultimate-heading-53369f378b470b18 uvc-5130 \" data-hspacer=\"line_only\"  data-halign=\"left\" style=\"text-align:left\"><div class=\"uvc-sub-heading ult-responsive\"  data-ultimate-target='.uvc-heading.ultimate-heading-53369f378b470b18 .uvc-sub-heading '  data-responsive-json-new='{\"font-size\":\"desktop:24px;\",\"line-height\":\"desktop:40px;\"}'  style=\"font-weight:bold;color:#333333;\">QUALIT\u00c9 DE TRAVAIL IRR\u00c9PROCHABLE<\/div><div class=\"uvc-heading-spacer line_only\" style=\"margin-top:20px;margin-bottom:20px;height:3px;\"><span class=\"uvc-headings-line\" style=\"border-style:solid;border-bottom-width:3px;border-color:#9d1b39;width:50px;\"><\/span><\/div><\/div>[vc_column_text]<\/p>\n<h4>Vous souhaitez r\u00e9nover votre habitation, mais vous \u00eates un peu perdu entre le choix des mat\u00e9riaux, les obligations l\u00e9gales, la couleurs ou encore l\u2019am\u00e9nagement qui correspondrait le mieux \u00e0 vos besoins&#8230; ?<\/h4>\n<p>[\/vc_column_text][vc_column_text]RenovPinto est l\u00e0 solution ! Notre entreprise familiale est depuis plus de 15 ans au service des particuliers, des professionnels et des collectivit\u00e9s qui souhaitent faire r\u00e9aliser leurs travaux en toute tranquillit\u00e9.[\/vc_column_text][\/vc_column][vc_column width=\u00a0\u00bb1\/2&Prime; css=\u00a0\u00bb.vc_custom_1462728202000{padding-left: 40px !important;}\u00a0\u00bb][vc_single_image image=\u00a0\u00bb10473&Prime; img_size=\u00a0\u00bbfull\u00a0\u00bb alignment=\u00a0\u00bbcenter\u00a0\u00bb][\/vc_column][\/vc_row][vc_row bg_type=\u00a0\u00bbimage\u00a0\u00bb parallax_style=\u00a0\u00bbvcpb-vz-jquery\u00a0\u00bb bg_image_new=\u00a0\u00bbid^10640|url^https:\/\/renovpinto.com\/wp-content\/uploads\/2020\/09\/wall-416060_1280.jpg|caption^null|alt^null|title^wall-416060_1280|description^null\u00a0\u00bb bg_image_repeat=\u00a0\u00bbno-repeat\u00a0\u00bb parallax_sense=\u00a0\u00bb25&Prime; bg_override=\u00a0\u00bbfull\u00a0\u00bb css=\u00a0\u00bb.vc_custom_1599741356090{margin-top: 0px !important;margin-bottom: -80px !important;padding-top: 150px !important;padding-bottom: 150px !important;}\u00a0\u00bb][vc_column width=\u00a0\u00bb1\/2&Prime;]<div id=\"ultimate-heading-547869f378b470b38\" class=\"uvc-heading ult-adjust-bottom-margin ultimate-heading-547869f378b470b38 uvc-138 \" data-hspacer=\"no_spacer\"  data-halign=\"left\" style=\"text-align:left\"><div class=\"uvc-heading-spacer no_spacer\" style=\"top\"><\/div><div class=\"uvc-main-heading ult-responsive\"  data-ultimate-target='.uvc-heading.ultimate-heading-547869f378b470b38 h2'  data-responsive-json-new='{\"font-size\":\"desktop:18px;\",\"line-height\":\"desktop:26px;\"}' ><h2 style=\"font-weight:normal;color:#9d1b39;margin-bottom:10px;\">Besoin d'Aide ou d'un Conseille ? <\/h2><\/div><div class=\"uvc-sub-heading ult-responsive\"  data-ultimate-target='.uvc-heading.ultimate-heading-547869f378b470b38 .uvc-sub-heading '  data-responsive-json-new='{\"font-size\":\"desktop:50px;\",\"line-height\":\"desktop:60px;\"}'  style=\"font-weight:bold;color:#ffffff;margin-bottom:40px;\">Notre personnel qualifi\u00e9 est \u00e0 votre disposition pour vous aide !<\/div><\/div>[\/vc_column][vc_column width=\u00a0\u00bb1\/2&Prime;]<div class=\" vc_custom_1487082938857 ubtn-ctn-right \"><a class=\"ubtn-link ult-adjust-bottom-margin ubtn-right ubtn-custom \"  rel='' href = \"http:\/\/renovpinto.com\/index.php\/contact-us\/\" ><button type=\"button\" id=\"ubtn-8008\" class=\"ubtn ult-adjust-bottom-margin ult-responsive ubtn-custom ubtn-no-hover-bg  none  ubtn-sep-icon ubtn-sep-icon-top-push  ubtn-right   tooltip-69f378b470b64\"  data-hover=\"#0d256b\" data-border-color=\"#9d1b39\" data-bg=\"\" data-hover-bg=\"#9d1b39\" data-border-hover=\"\" data-shadow-hover=\"\" data-shadow-click=\"none\" data-shadow=\"\" data-shd-shadow=\"\"  data-ultimate-target='#ubtn-8008'  data-responsive-json-new='{\"font-size\":\"desktop:13px;\",\"line-height\":\"\"}'  style=\"font-weight:bold;width:275px;min-height:85px;padding:10px 20px;border-radius:1px;border-width:1px;border-color:#9d1b39;border-style:solid;color: #ffffff;\"><span class=\"ubtn-data ubtn-icon\"><i class=\"Evatheme-Icon-Fonts-thin-0319_email_mail_post_card\" style=\"font-size:32px;color:#ffffff;\"><\/i><\/span><span class=\"ubtn-hover\" style=\"background-color:#9d1b39\"><\/span><span class=\"ubtn-data ubtn-text \" >Plus D&#039;information ? Contactez Nous !<\/span><\/button><\/a><\/div>[\/vc_column][\/vc_row]<\/p>\n<\/div>","protected":false},"excerpt":{"rendered":"<p>[vc_row bg_type=\u00a0\u00bbbg_color\u00a0\u00bb bg_color_value=\u00a0\u00bb#ffffff\u00a0\u00bb css=\u00a0\u00bb.vc_custom_1462727861632{margin-top: 0px !important;margin-bottom: 0px !important;}\u00a0\u00bb][vc_column width=\u00a0\u00bb1\/2&Prime; css=\u00a0\u00bb.vc_custom_1462727878358{padding-right: 40px !important;}\u00a0\u00bb][vc_single_image image=\u00a0\u00bb10464&Prime; img_size=\u00a0\u00bbfull\u00a0\u00bb alignment=\u00a0\u00bbcenter\u00a0\u00bb][\/vc_column][vc_column width=\u00a0\u00bb1\/2&Prime;][vc_column_text] Entreprise Familiale de construction du batiment bas\u00e9e sur Bruxelles en Belgique , Fond\u00e9 en 2016 par les 2 fr\u00e8res Daniel &amp; Jose Pinto , [\/vc_column_text][vc_column_text]Notre Soci\u00e9t\u00e9 est sp\u00e9cialis\u00e9e dans les domaines de la construction , du gros-\u0153uvre, de la [&hellip;]<\/p>\n","protected":false},"author":1,"featured_media":0,"parent":0,"menu_order":0,"comment_status":"closed","ping_status":"closed","template":"","meta":{"footnotes":""},"class_list":["post-9726","page","type-page","status-publish","hentry"],"_links":{"self":[{"href":"https:\/\/renovpinto.com\/index.php\/wp-json\/wp\/v2\/pages\/9726","targetHints":{"allow":["GET"]}}],"collection":[{"href":"https:\/\/renovpinto.com\/index.php\/wp-json\/wp\/v2\/pages"}],"about":[{"href":"https:\/\/renovpinto.com\/index.php\/wp-json\/wp\/v2\/types\/page"}],"author":[{"embeddable":true,"href":"https:\/\/renovpinto.com\/index.php\/wp-json\/wp\/v2\/users\/1"}],"replies":[{"embeddable":true,"href":"https:\/\/renovpinto.com\/index.php\/wp-json\/wp\/v2\/comments?post=9726"}],"version-history":[{"count":1,"href":"https:\/\/renovpinto.com\/index.php\/wp-json\/wp\/v2\/pages\/9726\/revisions"}],"predecessor-version":[{"id":10641,"href":"https:\/\/renovpinto.com\/index.php\/wp-json\/wp\/v2\/pages\/9726\/revisions\/10641"}],"wp:attachment":[{"href":"https:\/\/renovpinto.com\/index.php\/wp-json\/wp\/v2\/media?parent=9726"}],"curies":[{"name":"wp","href":"https:\/\/api.w.org\/{rel}","templated":true}]}}